{"id":513,"date":"2022-07-26T16:05:20","date_gmt":"2022-07-26T13:05:20","guid":{"rendered":"https:\/\/parkuok24.lt\/?page_id=513"},"modified":"2023-01-24T12:35:30","modified_gmt":"2023-01-24T10:35:30","slug":"rules-of-service","status":"publish","type":"page","link":"https:\/\/parkuok24.lt\/en\/rules-of-service\/","title":{"rendered":"Rules of service"},"content":{"rendered":"<p><span style=\"font-family: arial, helvetica, sans-serif; font-size: 24pt; color: #000000;\">1. Taisykl\u0117se vartojamos s\u0105vokos:<\/span><\/p>\n<p><span style=\"font-family: arial, helvetica, sans-serif; color: #000000;\">1.1 PARDAV\u0116JAS \u2013 UAB \u201eKitoks miestas \u201c, juridinio asmens kodas 303118462, registracijos adresas Savanori\u0173 pr. 123, LT-03150 Vilnius.<\/span><\/p>\n<p><span style=\"font-family: arial, helvetica, sans-serif; color: #000000;\">1.2 PIRK\u0116JAS &#8211; klientas (fizinis ar juridinis asmuo), sutik\u0119s su \u0161iomis taisykl\u0117mis ir j\u0173 pagrindu besinaudojantis automobili\u0173 parkavimo aik\u0161tel\u0117je paslaugomis.<\/span><\/p>\n<p><span style=\"font-family: arial, helvetica, sans-serif; color: #000000;\">1.3 AIK\u0160TEL\u0116S SAVININKAS \u2013 bendrov\u0117, kuriai nuosavyb\u0117s teise priklauso aik\u0161tel\u0117 ir su kuria Pardav\u0117jas yra sudar\u0119s sutart\u012f d\u0117l Aik\u0161tel\u0117s operavimo paslaug\u0173 teikimo.<\/span><\/p>\n<p><span style=\"font-family: arial, helvetica, sans-serif; color: #000000;\">1.4 AIK\u0160TEL\u0116S \u2013 Aik\u0161tel\u0117s savininkui priklausan\u010dios u\u017edaros automobili\u0173 parkavimo aik\u0161tel\u0117s, patekimas \u012f kurias ribojamas automatiniais barjerais, kuri\u0173 s\u0105ra\u0161as pateikiamas tinklapyje <em><a style=\"color: #000000;\" href=\"http:\/\/www.parkuok24.lt\">www.parkuok24.lt<\/a>;<\/em><\/span><\/p>\n<p><span style=\"font-family: arial, helvetica, sans-serif; font-size: 24pt; color: #000000;\">2. Bendrosios nuostatos<\/span><\/p>\n<p><span style=\"font-family: arial, helvetica, sans-serif; color: #000000;\">2.1 \u0160ios aik\u0161teli\u0173 internetin\u0117s rezervacijos taisykl\u0117s (toliau \u2013 Taisykl\u0117s) yra Pirk\u0117jui ir Pardav\u0117jui juridi\u0161kai privalomas dokumentas, kuriame nustatomos \u0160ali\u0173 teis\u0117s ir pareigos.<\/span><\/p>\n<p><span style=\"font-family: arial, helvetica, sans-serif; color: #000000;\">2.2 Pardav\u0117jas pasilieka teis\u0119 bet kuriuo metu pakeisti, taisyti ar papildyti \u0161ias Taisykles. Apie Taisykli\u0173 pasikeitimus Pirk\u0117jas informuojamas internetin\u0117s rezervacijos tinklapyje.<\/span><\/p>\n<p><span style=\"font-family: arial, helvetica, sans-serif; font-size: 24pt; color: #000000;\">3. Pirkimo sutarties sudarymas<\/span><\/p>\n<p><span style=\"font-family: arial, helvetica, sans-serif; color: #000000;\">3.1 Pirkimo-pardavimo sutartis tarp Pirk\u0117jo ir Pardav\u0117jo laikoma sudaryta, kuomet Pirk\u0117jas internetin\u0117je rezervacij\u0173 sistemoje suformuoja ir pateikia paslaugos u\u017esakym\u0105, prie\u0161 tai susipa\u017ein\u0119s su \u0161iomis taisykl\u0117mis.<\/span><\/p>\n<p><span style=\"font-family: arial, helvetica, sans-serif; font-size: 24pt; color: #000000;\">4. Pardav\u0117jo teis\u0117s<\/span><\/p>\n<p><span style=\"font-family: arial, helvetica, sans-serif; color: #000000;\">4.1 Susidarius svarbioms aplinkyb\u0117ms, Pardav\u0117jas gali laikinai arba visi\u0161kai sustabdyti internetin\u0117s rezervacijos sistemos veikl\u0105, apie tai i\u0161 anksto neprane\u0161\u0119s Pirk\u0117jui.<\/span><\/p>\n<p><span style=\"font-family: arial, helvetica, sans-serif; color: #000000;\">4.2 Jeigu Pirk\u0117jas bando pakenkti internetin\u0117s rezervacij\u0173 sistemos darbui, stabilumui ir saugumui ar pa\u017eeid\u017eia savo \u012fsipareigojimus, Pardav\u0117jas turi teis\u0119 be persp\u0117jimo apriboti ar sustabdyti jam galimyb\u0119 naudotis internetine rezervacij\u0173 sistema.<\/span><\/p>\n<p><span style=\"font-family: arial, helvetica, sans-serif; font-size: 24pt; color: #000000;\">5. Pardav\u0117jo \u012fsipareigojimai<\/span><\/p>\n<p><span style=\"font-family: arial, helvetica, sans-serif; color: #000000;\">5.1 Pardav\u0117jas \u012fsipareigoja sudaryti galimyb\u0119 naudotis internetin\u0117mis rezervacij\u0173 paslaugomis suteikdamas paslaug\u0105 naudotis stov\u0117jimo aik\u0161tele, kurios veikimo s\u0105lygas nustato \u0161ios Taisykl\u0117s.<\/span><\/p>\n<p><span style=\"font-family: arial, helvetica, sans-serif; color: #000000;\">5.2 Pardav\u0117jas \u012fsipareigoja Pirk\u0117jo \u012fsigytas paslaugas suteikti, remdamasis s\u0105lygomis, kurias nustato \u0161ios Taisykl\u0117s.<\/span><\/p>\n<p><span style=\"font-family: arial, helvetica, sans-serif; color: #000000;\">5.3 Pardav\u0117jas gali negr\u0105\u017einti Pirk\u0117jui jo sumok\u0117tos pinig\u0173 sumos u\u017e suteiktas paslaugas, jei buvo nei\u0161naudotos.<\/span><\/p>\n<p><span style=\"font-family: arial, helvetica, sans-serif; font-size: 24pt; color: #000000;\">6. Pirk\u0117jo teis\u0117s<\/span><\/p>\n<p><span style=\"font-family: arial, helvetica, sans-serif; color: #000000;\">6.1 Pirk\u0117jas turi teis\u0119 pirkti paslaugas internetin\u0117je rezervacij\u0173 sistemoje vadovaudamasis \u0161iomis Taisykl\u0117mis.<\/span><\/p>\n<p><span style=\"font-family: arial, helvetica, sans-serif; font-size: 24pt; color: #000000;\">7. Pirk\u0117jo \u012fsipareigojimai<\/span><\/p>\n<p><span style=\"font-family: arial, helvetica, sans-serif; color: #000000;\">7.1 Pirk\u0117jas privalo sumok\u0117ti u\u017e \u012fsigytas paslaugas \u0161iose Taisykl\u0117se numatyta tvarka.<\/span><\/p>\n<p><span style=\"font-family: arial, helvetica, sans-serif; color: #000000;\">7.2 Pirk\u0117jas, naudodamasis internetine rezervacij\u0173 sistem\u0105, patvirtina, kad sutinka su \u0161iomis pirkimo \u2013 pardavimo Taisykl\u0117mis ir privalo j\u0173 laikytis.<\/span><\/p>\n<p><span style=\"font-family: arial, helvetica, sans-serif; color: #000000;\">7.3 Pirk\u0117jas privalo vadovautis aik\u0161tel\u0117s naudojimosi taisykl\u0117mis (11 punktas).<\/span><\/p>\n<p><span style=\"font-family: arial, helvetica, sans-serif; color: #000000;\">7.4 Pirk\u0117jas atsako u\u017e Aik\u0161tel\u0117je esan\u010dio materialaus turto sugadinim\u0105 ir privalo atlyginti \u017eal\u0105 Aik\u0161tel\u0117s savininkui ar bet kuriam kitam tre\u010diajam asmeniui, kurio turtui ar sveikatai buvo padaryta \u017eala, kilusi\u0105 d\u0117l Pirk\u0117jo kalt\u0117s (ty\u010dios arba neatsargumo) ar nuo jo priklausan\u010di\u0173 prie\u017eas\u010di\u0173.<\/span><\/p>\n<p><span style=\"font-family: arial, helvetica, sans-serif; color: #000000;\">7.5 Pirk\u0117jas yra asmeni\u0161kai atsakingas u\u017e Aik\u0161tel\u0117se statomos transporto priemon\u0117s, priklausan\u010dios ar valdomos Pirk\u0117jo, saugum\u0105 ir joje paliktus Pirk\u0117jui ar tretiesiems asmenims priklausan\u010dius daiktus.<\/span><\/p>\n<p><span style=\"font-family: arial, helvetica, sans-serif; color: #000000;\">7.6 Pirk\u0117jas privalo u\u017etikrinti, kad Pirk\u0117jui priklausanti ar jo valdoma transporto priemon\u0117 yra techni\u0161kai tvarkinga (t. y., i\u0161 jos neb\u0117ga tepalas ir pan.), atitinka jai keliamus saugumo reikalavimus bei yra tinkama naudoti pagal paskirt\u012f.<\/span><\/p>\n<p><span style=\"font-family: arial, helvetica, sans-serif; font-size: 24pt; color: #000000;\">8. Paslaugos kainos<\/span><\/p>\n<p><span style=\"font-family: arial, helvetica, sans-serif; color: #000000;\">8.1 Paslaug\u0173 kainos internetin\u0117je rezervacij\u0173 sistemoje nurodomos eurais. Kainos nurodomos su PVM.<\/span><\/p>\n<p><span style=\"font-family: arial, helvetica, sans-serif; font-size: 24pt; color: #000000;\">9. Paslaug\u0173 u\u017esakymas ir apmok\u0117jimas<\/span><\/p>\n<p><span style=\"font-family: arial, helvetica, sans-serif; color: #000000;\">9.1 Pirk\u0117jas, internetin\u0117je rezervacij\u0173 sistemoje, i\u0161sirenka jam tinkam\u0105 aik\u0161tel\u0119, pasirenka laikotarp\u012f ir \u012fveda valstybinius automobilio numerius. Po pirkini\u0173 krep\u0161elio suformavimo, Pirk\u0117jas suveda asmens duomenis, b\u016btinus u\u017esakymo \u012fvykdymui: savo vard\u0105, pavard\u0119, adres\u0105, kuriuo bus pristatomos prek\u0117s, telefono numer\u012f bei papildom\u0105 informacij\u0105, kuri gali b\u016bti svarbi suteikiant u\u017esakytas paslaugas. Pirk\u0117jas patvirtina, jog susipa\u017eino su \u0161iomis Taisykl\u0117mis bei patvirtina u\u017esakym\u0105.<\/span><\/p>\n<p><span style=\"font-family: arial, helvetica, sans-serif; color: #000000;\">9.2 Atsiskaityti galima naudojantis AB Swedbank, AB Seb bankas, Luminor Bank AS Lietuvos skyrius, Akciju sabiedriba \u201cCitadele banka\u201d Lietuvos filialas, AB \u0160iauli\u0173 bankas elektronin\u0117s bankininkyst\u0117s paslaugomis bei Visa \/ MasterCard mok\u0117jimo kortel\u0117mis. Atsiskaitymai galimi tik Euro valiuta. Mok\u0117jimai apdorojami naudojantis MakeCommerce.lt mok\u0117jim\u0173 platforma.<\/span><\/p>\n<p><span style=\"font-family: arial, helvetica, sans-serif; font-size: 24pt; color: #000000;\">10. Paslaug\u0173 naudojimas<\/span><\/p>\n<p><span style=\"font-family: arial, helvetica, sans-serif; color: #000000;\">10.1 Pirk\u0117jas privalo nurodyti teising\u0105 Regitros patvirtint\u0105 automobilio valstybin\u012f numer\u012f <a style=\"color: #000000;\" href=\"https:\/\/www.regitra.lt\/lt\/paslaugos\/numerio-zenklai\/numerio-zenklu-tipai-ir-ju-aprasymai\" target=\"_blank\" rel=\"noopener\"><em>https:\/\/www.regitra.lt\/lt\/paslaugos\/numerio-zenklai\/numerio-zenklu-tipai-ir-ju-aprasymai<\/em><\/a><\/span><\/p>\n<p><span style=\"font-family: arial, helvetica, sans-serif; color: #000000;\">10.2 Automobil\u012f sustabdyti prie \u012fva\u017eiavimo\/i\u0161va\u017eiavimo u\u017ekardos;<\/span><\/p>\n<p><span style=\"font-family: arial, helvetica, sans-serif; color: #000000;\">10.3 Palaukti kol kamera nuskaitys automobilio valstybinius numerius ir u\u017ekarda pasikels;<\/span><\/p>\n<p><span style=\"font-family: arial, helvetica, sans-serif; color: #000000;\">10.4 Automobiliai aik\u0161tel\u0117je turi b\u016bti statomi vadovaujantis stov\u0117jimo aik\u0161tel\u0117s \u017eenklinimu ir keli\u0173 eismo taisykl\u0117mis.<\/span><\/p>\n<p><span style=\"font-family: arial, helvetica, sans-serif; font-size: 24pt; color: #000000;\">11. Aik\u0161tel\u0117s naudojimosi taisykl\u0117s<\/span><\/p>\n<p><span style=\"font-family: arial, helvetica, sans-serif; color: #000000;\">11.1 Su kiekvienos aik\u0161tel\u0117s taisykl\u0117mis galima susipa\u017einti aik\u0161teli\u0173 taisykli\u0173 stenduose ties kiekvienu \u012fva\u017eiavimu \u012f aik\u0161tel\u0119 ir\/arba tinklapyje <a style=\"color: #000000;\" href=\"http:\/\/www.parkuok24.lt\">www.parkuok24.lt<\/a> prie kiekvienos aik\u0161tel\u0117s skiltyje \u201eSvarbi informacija apie aik\u0161tel\u0119\u201c.<\/span><\/p>\n<p><span style=\"font-family: arial, helvetica, sans-serif; color: #000000;\">11.2 Pirk\u0117jas privalo susipa\u017einti su rezervuojamos aik\u0161tel\u0117s taisykl\u0117mis iki \u012fva\u017eiavimo \u012f atitinkam\u0105 Aik\u0161tel\u0119.<\/span><\/p>\n<p><span style=\"font-family: arial, helvetica, sans-serif; color: #000000;\">11.3 Norint \u012fva\u017eiuoti \u012f aik\u0161tel\u0119 reikia atlikti toliau nurodytus veiksmus:<\/span><\/p>\n<p><span style=\"font-family: arial, helvetica, sans-serif; color: #000000;\">11.4 Automobil\u012f sustabdyti prie \u012fva\u017eiavimo u\u017ekardos;<\/span><\/p>\n<p><span style=\"font-family: arial, helvetica, sans-serif; color: #000000;\">11.4 Palaukti kol kamera nuskaitys automobilio valstybin\u012f numer\u012f ir pasikels u\u017ekarda;<\/span><\/p>\n<p><span style=\"font-family: arial, helvetica, sans-serif; color: #000000;\">11.5 Pakilus u\u017ekardai, \u012fva\u017eiuoti \u012f aik\u0161tel\u0119 ir pasistatyti automobil\u012f bet kurioje laisvoje vietoje jei n\u0117ra nurodyta, kad stov\u0117jimo vieta yra rezervuota.<\/span><\/p>\n<p><span style=\"font-family: arial, helvetica, sans-serif; color: #000000;\">11.6 Norint i\u0161va\u017eiuoti i\u0161 aik\u0161tel\u0117s reikia atlikti toliau nurodytus veiksmus:<\/span><\/p>\n<p><span style=\"font-family: arial, helvetica, sans-serif; color: #000000;\">11.7 Apmok\u0117ti u\u017e stov\u0117jim\u0105 (jei neturite rezervacijos ar esate ne nuolatinis klientas bei vir\u0161ijote nemokam\u0105 stov\u0117jimo laik\u0105);<\/span><\/p>\n<p><span style=\"font-family: arial, helvetica, sans-serif; color: #000000;\">11.8 Automobil\u012f sustabdyti prie i\u0161va\u017eiavimo u\u017ekardos;<\/span><\/p>\n<p><span style=\"font-family: arial, helvetica, sans-serif; color: #000000;\">11.9 Palaukti, kol kamera nuskaitys automobilio valstybin\u012f numer\u012f ir pasikels u\u017ekarda;<\/span><\/p>\n<p><span style=\"font-family: arial, helvetica, sans-serif; color: #000000;\">11.10 Pakilus u\u017ekardai i\u0161va\u017eiuoti i\u0161 aik\u0161tel\u0117s.<\/span><\/p>\n<p><span style=\"font-family: arial, helvetica, sans-serif; color: #000000;\">11.11 Draud\u017eiama statyti automobilius elektromobili\u0173 \u012fkrovimo vietos, i\u0161skyrus atvejus, kai vieta naudojama pagal tiesiogin\u0119 paskirt\u012f, t.y. elektromobilio \u012fkrovimui.<\/span><\/p>\n<p><span style=\"font-family: arial, helvetica, sans-serif; color: #000000;\">11.12 Automobiliai aik\u0161tel\u0117je turi b\u016bti statomi vadovaujantis stov\u0117jimo aik\u0161tel\u0117s \u017eenklinimu ir keli\u0173 eismo taisykl\u0117mis;<\/span><\/p>\n<p><span style=\"font-family: arial, helvetica, sans-serif; color: #000000;\">11.13 Gie\u017etai draud\u017eiama palikti\/laikyti netvarkingus ir\/ar apgadintus automobilius. Neva\u017eiuojantys automobiliai turi b\u016bti i\u0161gabenti i\u0161 automobili\u0173 parkavimo zonos per proting\u0105 termin\u0105, ta\u010diau visais atvejais ne v\u0117liau kaip per 48 (keturiasde\u0161imt a\u0161tuonias) valandas nuo automobilio patekimo \u012f Aik\u0161tel\u0119.<\/span><\/p>\n<p><span style=\"font-family: arial, helvetica, sans-serif; color: #000000;\">11.14 Apmok\u0117jus parkavimo mokest\u012f ne u\u017e savo automobil\u012f, pinigai n\u0117ra gr\u0105\u017einami;<\/span><\/p>\n<p><span style=\"font-family: arial, helvetica, sans-serif; color: #000000;\">11.15 Automobili\u0173 parkavimo paslaugas teikianti UAB \u201eKitoks miestas\u201c bei Aik\u0161tel\u0117s savininkas n\u0117ra materialiai atsakingi u\u017e aik\u0161tel\u0117je parkuojam\u0173 automobili\u0173 bei juose esan\u010di\u0173 asmen\u0173 ir\/ar turto saugum\u0105 ir jokiais atvejais neprivalo atlyginti Pirk\u0117jo patirtos \u017ealos;<\/span><\/p>\n<p><span style=\"font-family: arial, helvetica, sans-serif; color: #000000;\">11.16 Pirk\u0117jas kaip transporto priemon\u0117s savininkas\/valdytojas atsako u\u017e Aik\u0161tel\u0117je esan\u010dio materialaus turto sugadinim\u0105 ir privalo atlyginti \u017eal\u0105 Aik\u0161tel\u0117s savininkui ar bet kuriam tre\u010diajam asmeniui, kilusi\u0105 d\u0117l transporto priemon\u0117s savininko\/valdytojo kalt\u0117s (ty\u010dios arba neatsargumo);<\/span><\/p>\n<p><span style=\"font-family: arial, helvetica, sans-serif; color: #000000;\">11.17 Aik\u0161tel\u0117se gali b\u016bti vykdomas vaizdo steb\u0117jimas siekiant u\u017etikrinti i\u0161imtinai Pardav\u0117jo arba Aik\u0161tel\u0117s savininko (o ne Pirk\u0117jo) nuosavyb\u0117s teise priklausan\u010dio turto apsaug\u0105, garantuoti Aik\u0161tel\u0117s savininko (o ne Pirk\u0117jo) valdomo turto saugum\u0105 ir nelie\u010diamum\u0105, paslaug\u0173 kokyb\u0119 ir administravimo proces\u0105, Pardav\u0117jo ir\/arba Aik\u0161tel\u0117s savininko darbuotoj\u0173 bei paslaugoms teikti Pardav\u0117jo ir\/arba Aik\u0161tel\u0117s savininko pasitelkt\u0173 tre\u010di\u0173j\u0173 asmen\u0173 bei j\u0173 turto saugum\u0105. Vaizdo steb\u0117jimas gali b\u016bti vykdomas vis\u0105 par\u0105. Pardav\u0117jas ir\/ar Aik\u0161tel\u0117s savininkas Pirk\u0117jui neteikia jo turto saugojimo paslaugos. Visais atvejais Pirk\u0117jas privalo kreiptis d\u0117l \u017ealos atlyginimo \u012f asmenis d\u0117l kuri\u0173 kalt\u0117s ar nuo j\u0173 priklausan\u010di\u0173 prie\u017eas\u010di\u0173 Pirk\u0117jui ar jam priklausan\u010diui turtui buvo padaryta \u017eala.<\/span><\/p>\n<p><span style=\"font-family: arial, helvetica, sans-serif; color: #000000;\">11.18 Automobili\u0173 stov\u0117jimo paslaugas \u0161ioje aik\u0161tel\u0117je teikianti UAB \u201eKitoks miestas\u201c tvarko J\u016bs\u0173 asmens duomenis (automobilio valstybinis numeris, automobilio valstybinio numerio fotonuotrauka ir kiti su paslaugos teikimu susij\u0119 tiesioginiai ir netiesioginiai asmen\u012f identifikuojantys duomenys). Daugiau informacijos apie vykdom\u0105 J\u016bs\u0173 asmens duomen\u0173 tvarkym\u0105 ir duomen\u0173 subjekto teises pateikiama <a style=\"color: #000000;\" href=\"http:\/\/www.citypro.lt\" target=\"_blank\" rel=\"noopener\"><em>www.citypro.lt<\/em><\/a> skelbiamoje privatumo politikoje;<\/span><\/p>\n<p><span style=\"font-family: arial, helvetica, sans-serif; color: #000000;\">11.19 Aik\u0161tel\u0117s parkavimo \u012frangos gedimo atveju prane\u0161ti tel. Nr.: +370 686 66780.<\/span><\/p>\n<p><span style=\"font-family: arial, helvetica, sans-serif; font-size: 24pt; color: #000000;\">12. Baigiamosios nuostatos<\/span><\/p>\n<p><span style=\"font-family: arial, helvetica, sans-serif; color: #000000;\">12.1 \u0160ios Taisykl\u0117s sudarytos vadovaujantis Lietuvos Respublikos teis\u0117s aktais.<\/span><\/p>\n<p><span style=\"font-family: arial, helvetica, sans-serif; color: #000000;\">12.2 \u0160ioms Taisykl\u0117ms ir santykiams tarp \u0160ali\u0173 \u0161i\u0173 Taisykli\u0173 at\u017evilgiu taikomos ir jos ai\u0161kinamos remiantis Lietuvos Respublikos \u012fstatymais.<\/span><\/p>\n<p><span style=\"font-family: arial, helvetica, sans-serif; color: #000000;\">12.3 Visi nesutarimai, kil\u0119 d\u0117l \u0161i\u0173 Taisykli\u0173 vykdymo, sprend\u017eiami deryb\u0173 b\u016bdu. Nepavykus susitarti, gin\u010dai sprend\u017eiami Lietuvos Respublikos \u012fstatym\u0173 nustatyta tvarka.<\/span><\/p>\n<p><span style=\"font-family: arial, helvetica, sans-serif; color: #000000;\">12.4 \u0160alys atleid\u017eiamos nuo \u012fsipareigojim\u0173 pagal \u0161ias Taisykles vykdymo, jei j\u0173 \u012fvykdyti negalima d\u0117l nenumatyt\u0173 ir \u0160ali\u0173 valios nepriklausan\u010di\u0173 aplinkybi\u0173 (<em>Force <\/em><em>majeure<\/em>).<\/span><\/p>\n","protected":false},"excerpt":{"rendered":"<p>1. Taisykl\u0117se vartojamos s\u0105vokos: 1.1 PARDAV\u0116JAS \u2013 UAB \u201eKitoks miestas \u201c, juridinio asmens kodas 303118462, registracijos adresas Savanori\u0173 pr. 123, LT-03150 Vilnius. 1.2 PIRK\u0116JAS &#8211; klientas (fizinis ar juridinis asmuo), sutik\u0119s su \u0161iomis taisykl\u0117mis ir j\u0173 pagrindu besinaudojantis automobili\u0173 parkavimo aik\u0161tel\u0117je paslaugomis. 1.3 AIK\u0160TEL\u0116S SAVININKAS \u2013 bendrov\u0117, kuriai nuosavyb\u0117s teise priklauso aik\u0161tel\u0117 ir su kuria &hellip; <a href=\"https:\/\/parkuok24.lt\/en\/rules-of-service\/\">Continued<\/a><\/p>\n","protected":false},"author":1,"featured_media":0,"parent":0,"menu_order":0,"comment_status":"closed","ping_status":"closed","template":"","meta":{"_acf_changed":false,"rank_math_lock_modified_date":false,"footnotes":""},"class_list":["post-513","page","type-page","status-publish","hentry"],"acf":[],"_links":{"self":[{"href":"https:\/\/parkuok24.lt\/en\/wp-json\/wp\/v2\/pages\/513","targetHints":{"allow":["GET"]}}],"collection":[{"href":"https:\/\/parkuok24.lt\/en\/wp-json\/wp\/v2\/pages"}],"about":[{"href":"https:\/\/parkuok24.lt\/en\/wp-json\/wp\/v2\/types\/page"}],"author":[{"embeddable":true,"href":"https:\/\/parkuok24.lt\/en\/wp-json\/wp\/v2\/users\/1"}],"replies":[{"embeddable":true,"href":"https:\/\/parkuok24.lt\/en\/wp-json\/wp\/v2\/comments?post=513"}],"version-history":[{"count":8,"href":"https:\/\/parkuok24.lt\/en\/wp-json\/wp\/v2\/pages\/513\/revisions"}],"predecessor-version":[{"id":1726,"href":"https:\/\/parkuok24.lt\/en\/wp-json\/wp\/v2\/pages\/513\/revisions\/1726"}],"wp:attachment":[{"href":"https:\/\/parkuok24.lt\/en\/wp-json\/wp\/v2\/media?parent=513"}],"curies":[{"name":"wp","href":"https:\/\/api.w.org\/{rel}","templated":true}]}}